{"id":4437,"date":"2023-06-28T09:32:24","date_gmt":"2023-06-28T09:32:24","guid":{"rendered":"https:\/\/ww2.nuovacev.it\/company-ethical-code\/"},"modified":"2023-07-10T12:01:18","modified_gmt":"2023-07-10T12:01:18","slug":"codice-etico","status":"publish","type":"page","link":"https:\/\/www.nuovacev.it\/it\/codice-etico\/","title":{"rendered":"Codice Etico"},"content":{"rendered":"<div class=\"fusion-fullwidth fullwidth-box fusion-builder-row-1 fusion-flex-container has-pattern-background has-mask-background nonhundred-percent-fullwidth non-hundred-percent-height-scrolling\" style=\"--awb-border-radius-top-left:0px;--awb-border-radius-top-right:0px;--awb-border-radius-bottom-right:0px;--awb-border-radius-bottom-left:0px;--awb-flex-wrap:wrap;\" ><div class=\"fusion-builder-row fusion-row fusion-flex-align-items-flex-start fusion-flex-justify-content-center fusion-flex-content-wrap\" style=\"max-width:1320.8px;margin-left: calc(-4% \/ 2 );margin-right: calc(-4% \/ 2 );\"><div class=\"fusion-layout-column fusion_builder_column fusion-builder-column-0 fusion_builder_column_1_2 1_2 fusion-flex-column\" style=\"--awb-bg-size:cover;--awb-width-large:50%;--awb-margin-top-large:25px;--awb-spacing-right-large:3.84%;--awb-margin-bottom-large:25px;--awb-spacing-left-large:3.84%;--awb-width-medium:100%;--awb-order-medium:0;--awb-spacing-right-medium:1.92%;--awb-spacing-left-medium:1.92%;--awb-width-small:100%;--awb-order-small:0;--awb-spacing-right-small:1.92%;--awb-spacing-left-small:1.92%;\"><div class=\"fusion-column-wrapper fusion-column-has-shadow fusion-flex-justify-content-flex-start fusion-content-layout-column\"><div class=\"fusion-text fusion-text-1\"><h2>Premessa<\/h2>\n<p>Il presente \u00abCodice etico\u00bb \u00e8 stato adottato dalla societ\u00e0 con deliberazione del Consiglio di Amministrazione del 16\/02\/2016 e contiene l\u2019enunciazione dei principi generali di legalit\u00e0, correttezza, trasparenza ed integrit\u00e0 morale che rappresentano un presupposto imprescindibile per lo svolgimento dell\u2019attivit\u00e0 di Nuova C.E.V. soc-coop. e per il raggiungimento degli obiettivi economici, produttivi, sociali che la societ\u00e0 si pone.<br \/>\nTutte le attribuzioni in tema di diffusione e attuazione del presente Codice sono riservate al Consiglio di Amministrazione.<\/p>\n<h2>Il \u00abCodice etico\u00bb societario, in particolare, definisce:<\/h2>\n<ul>\n<li>le regole di comportamento nei rapporti con gli interlocutori esterni, i collaboratori, il mercato e l\u2019ambiente, alle quali la societ\u00e0 informa la propria attivit\u00e0 interna ed esterna, esigendone il rispetto da parte di tutti i collaboratori, i consulenti e degli interlocutori esterni;<\/li>\n<li>le regole di organizzazione e gestione dell\u2019attivit\u00e0 imprenditoriale finalizzate alla realizzazione di un sistema efficiente ed efficace di programmazione, esecuzione e controllo delle attivit\u00e0 tale da assicurare il costante rispetto delle regole di comportamento e prevenirne la violazione da parte di qualsiasi soggetto che operi per conto della societ\u00e0.<\/li>\n<\/ul>\n<h2>Diffusione e aggiornamento<\/h2>\n<p>Del \u00abCodice etico\u00bb \u00e8 data ampia diffusione interna ed \u00e8 a disposizione di qualunque interlocutore della societ\u00e0.<br \/>\nCiascun collaboratore della societ\u00e0 \u00e8 tenuto a conoscere e rispettare le previsioni del Codice.<br \/>\nLa societ\u00e0 vigila con attenzione sull\u2019osservanza del Codice, predisponendo adeguati strumenti di informazione, prevenzione e controllo ed intervenendo, se del caso, con azioni correttive.<br \/>\n<strong>A) Rapporti con l\u2019\u2019esterno<\/strong><br \/>\n<strong>A) 1.. Competizione<\/strong><\/p>\n<ul>\n<li>La politica societaria di Nuova CEV soc.coop. \u00e8 informata a principi di libera e leale concorrenza e tutte le azioni poste in essere nell\u2019esercizio dell\u2019attivit\u00e0 imprenditoriale sono volte all\u2019ottenimento di risultati competitivi che premino la capacit\u00e0, l\u2019esperienza e l\u2019efficienza.<\/li>\n<li>La societ\u00e0 ed i suoi collaboratori devono tenere comportamenti corretti negli affari di interesse aziendale e nei rapporti con la clientela e con i fornitori.<\/li>\n<li>Qualsiasi azione diretta ad alterare le condizioni di corretta competizione \u00e8 contraria alla politica aziendale della societ\u00e0 ed \u00e8 vietata ad ogni soggetto che agisce per conto di essa.<\/li>\n<li>In nessun caso il perseguimento dell\u2019interesse aziendale pu\u00f2 giustificare una condotta dei vertici e\/o dei dipendenti e\/o dei collaboratori della societ\u00e0 che non sia rispettosa delle leggi vigenti e conforme alle regole del presente Codice.<\/li>\n<li>In ogni comunicazione con l\u2019esterno le informazioni riguardanti la societ\u00e0 e le sue attivit\u00e0 devono essere veritiere, chiare e verificabili.<\/li>\n<\/ul>\n<p><strong>A) 2 Relazioni<\/strong><br \/>\n<strong>A) 2 a) Con gli interlocutori esterni<\/strong><\/p>\n<ul>\n<li>I rapporti della societ\u00e0 con qualsiasi interlocutore, pubblico o privato, devono essere condotti in conformit\u00e0 alla legge e nel rispetto dei principi di correttezza, trasparenza e verificabilit\u00e0. In particolare i rapporti con i dipendenti pubblici devono essere conformi ai principi ed alle previsioni dettati dal D.P.C.M. 28 novembre 2000 (Codice di comportamento dei dipendenti delle pubbliche amministrazioni).<\/li>\n<li>Non sono ammessi, in alcuna forma, regali od omaggi che possano anche solo apparire come eccedente le normali pratiche commerciali o di cortesia, o comunque rivolti ad acquisire trattamenti di favore nella conduzione di qualsiasi attivit\u00e0.<\/li>\n<li>Nei confronti di rappresentanti o dipendenti di aziende private o delle pubbliche amministrazioni sono vietate la ricerca e l\u2019instaurazione di relazioni personali di favore, influenza, ingerenza idonee a condizionare, direttamente o indirettamente, l\u2019esito del rapporto; sono altres\u00ec vietate le offerte di beni o di altre utilit\u00e0 a rappresentanti, funzionari o dipendenti delle pubbliche amministrazioni, anche per interposta persona, salvo che si tratti di doni di modico valore e conformi agli usi e sempre che non possano essere intesi come rivolti alla ricerca di indebiti favori.<\/li>\n<li>La societ\u00e0 non eroga contributi, vantaggi o altre utilit\u00e0 ai partiti politici e alle organizzazioni sindacali dei lavoratori, n\u00e9 a loro rappresentanti, se non nel rispetto della normativa applicabile in materia e comunque sempre in accordo con il principio generale della trasparenza.<\/li>\n<\/ul>\n<p><strong>A) 2..b) Con i clienti e ii committenti<\/strong><\/p>\n<ul>\n<li>Nuova CEV soc.coop. impronta la propria attivit\u00e0 al criterio della qualit\u00e0, intesa essenzialmente come obiettivo del pieno soddisfacimento dei clienti e degli altri soggetti cui \u00e8 rivolta l\u2019attivit\u00e0 stessa della societ\u00e0.<\/li>\n<li>Nei rapporti con la clientela e la committenza la societ\u00e0 assicura correttezza e chiarezza nelle trattative commerciali e nell\u2019assunzione dei vincoli contrattuali, nonch\u00e9 il fedele e diligente adempimento contrattuale.<\/li>\n<li>La societ\u00e0 assicura altres\u00ec il \u201crispetto della propriet\u00e0 intellettuale\u201d qualora si trovi nella condizione di effettuare una fornitura su indicazione specifica del cliente e si impegna alla \u201cprotezione dei dati sensibili\u201d da esso derivanti.<\/li>\n<li>Tutti i comportamenti, le operazioni e le transazioni decisi o attuati dalla societ\u00e0 e da soggetti agenti in nome e per conto della stessa devono essere conformi alla legge, alla correttezza professionale, ai principi di trasparenza, verificabilit\u00e0, coerenza e congruit\u00e0, nonch\u00e9 debitamente autorizzati, documentati e registrati.<\/li>\n<li>Le trattative d\u2019affari e i rapporti con gli interlocutori istituzionali e commerciali della societ\u00e0 devono essere condotti in conformit\u00e0 alla legge e nel rispetto dei principi di correttezza, trasparenza e verificabilit\u00e0.<\/li>\n<li>Nel partecipare a contrattazioni commerciali la societ\u00e0 valuta attentamente la congruit\u00e0 e la fattibilit\u00e0 delle prestazioni richieste, con particolare riguardo alle condizioni tecniche ed economiche, facendo rilevare ove possibile tempestivamente le eventuali anomalie.<\/li>\n<li>La formulazione delle offerte sar\u00e0 tale da consentire il rispetto di adeguati standard qualitativi, di congrui livelli retributivi del personale dipendente e delle vigenti misure di sicurezza.<\/li>\n<li>La societ\u00e0 ricorre al contenzioso solo quando le sue legittime pretese non trovano nell\u2019interlocutore la dovuta soddisfazione.<\/li>\n<li>Nella conduzione di qualsiasi trattativa devono sempre evitarsi situazioni nelle quali i soggetti coinvolti nelle transazioni siano o possano apparire in conflitto di interesse.<\/li>\n<\/ul>\n<p><strong>A) 2 c) Con i fornitori<\/strong><\/p>\n<ul>\n<li>Le relazioni con i fornitori della societ\u00e0 sono regolate dalle norme di questo Codice e sono oggetto di costante ed attento monitoraggio da parte della societ\u00e0 stessa.<\/li>\n<li>La societ\u00e0 si avvale di fornitori che operino \u2013 per quanto possibile verificare da parte della stessa \u2013 in conformit\u00e0 della normativa vigente e delle regole previste in questo Codice<\/li>\n<\/ul>\n<p><strong>A) 3.. Ambiente<\/strong><\/p>\n<ul>\n<li>Nuova CEV gestisce le proprie attivit\u00e0 perseguendo la tutela dell\u2019ambiente con il miglioramento continuo delle sue prestazioni relativamente agli impatti ambientali della sua attivit\u00e0. A tale fine si impegna a:<br \/>\n\u2022 operare per la prevenzione dei rischi ambientali;<br \/>\n\u2022 definire obiettivi ambientali volti alla minimizzazione degli impatti ambientali significativi;<br \/>\n\u2022 diffondere sul territorio la cultura del rispetto dell\u2019ambiente;<br \/>\n\u2022 fornire alle istituzioni tutte le informazioni necessarie a comprendere gli eventuali rischi ambientali legati all\u2019attivit\u00e0 dell\u2019impresa;<br \/>\n\u2022 promuovere attivit\u00e0 di sensibilizzazione e di formazione ambientale al proprio interno e promuovere la diffusione di tecnologie eco-efficienti;<\/li>\n<\/ul>\n<\/div><\/div><\/div><div class=\"fusion-layout-column fusion_builder_column fusion-builder-column-1 fusion_builder_column_1_2 1_2 fusion-flex-column\" style=\"--awb-bg-size:cover;--awb-width-large:50%;--awb-margin-top-large:25px;--awb-spacing-right-large:3.84%;--awb-margin-bottom-large:25px;--awb-spacing-left-large:3.84%;--awb-width-medium:100%;--awb-order-medium:0;--awb-spacing-right-medium:1.92%;--awb-spacing-left-medium:1.92%;--awb-width-small:100%;--awb-order-small:0;--awb-spacing-right-small:1.92%;--awb-spacing-left-small:1.92%;\"><div class=\"fusion-column-wrapper fusion-column-has-shadow fusion-flex-justify-content-flex-start fusion-content-layout-column\"><div class=\"fusion-image-element \" style=\"text-align:center;--awb-caption-title-font-family:var(--h2_typography-font-family);--awb-caption-title-font-weight:var(--h2_typography-font-weight);--awb-caption-title-font-style:var(--h2_typography-font-style);--awb-caption-title-size:var(--h2_typography-font-size);--awb-caption-title-transform:var(--h2_typography-text-transform);--awb-caption-title-line-height:var(--h2_typography-line-height);--awb-caption-title-letter-spacing:var(--h2_typography-letter-spacing);\"><span class=\" fusion-imageframe imageframe-none imageframe-1 hover-type-none\"><img decoding=\"async\" width=\"1200\" height=\"1800\" title=\"amphora-crystal-amber-blue-vase-nuovacev\" src=\"https:\/\/www.nuovacev.it\/site\/wp-content\/uploads\/2023\/06\/amphora-crystal-amber-blue-vase-nuovacev.jpg\" data-orig-src=\"https:\/\/www.nuovacev.it\/wp-content\/uploads\/2023\/06\/amphora-crystal-amber-blue-vase-nuovacev.jpg\" alt class=\"lazyload img-responsive wp-image-4194\" srcset=\"data:image\/svg+xml,%3Csvg%20xmlns%3D%27http%3A%2F%2Fwww.w3.org%2F2000%2Fsvg%27%20width%3D%271200%27%20height%3D%271800%27%20viewBox%3D%270%200%201200%201800%27%3E%3Crect%20width%3D%271200%27%20height%3D%271800%27%20fill-opacity%3D%220%22%2F%3E%3C%2Fsvg%3E\" data-srcset=\"https:\/\/www.nuovacev.it\/site\/wp-content\/uploads\/2023\/06\/amphora-crystal-amber-blue-vase-nuovacev-200x300.jpg 200w, https:\/\/www.nuovacev.it\/site\/wp-content\/uploads\/2023\/06\/amphora-crystal-amber-blue-vase-nuovacev-400x600.jpg 400w, https:\/\/www.nuovacev.it\/site\/wp-content\/uploads\/2023\/06\/amphora-crystal-amber-blue-vase-nuovacev-600x900.jpg 600w, https:\/\/www.nuovacev.it\/site\/wp-content\/uploads\/2023\/06\/amphora-crystal-amber-blue-vase-nuovacev-800x1200.jpg 800w, https:\/\/www.nuovacev.it\/site\/wp-content\/uploads\/2023\/06\/amphora-crystal-amber-blue-vase-nuovacev.jpg 1200w\" data-sizes=\"auto\" data-orig-sizes=\"(max-width: 1024px) 100vw, (max-width: 640px) 100vw, 600px\" \/><\/span><\/div><div class=\"fusion-text fusion-text-2\"><h2>Rapporti con i collaboratori<\/h2>\n<p><strong>B) 1 \u2013 Lavoro<\/strong><\/p>\n<ul>\n<li>La societ\u00e0 riconosce la centralit\u00e0 delle risorse umane, quale principale fattore di<br \/>\nsuccesso di ogni attivit\u00e0 imprenditoriale, in un quadro di lealt\u00e0 e fiducia reciproche tra datore e prestatori di lavoro.<\/li>\n<li>Tutto il personale impiegato dalla societ\u00e0 \u00e8 assunto con regolare contratto di lavoro.<\/li>\n<li>Il rapporto di lavoro si svolge nel rispetto della normativa contrattuale collettiva del settore e della normativa previdenziale, fiscale ed assicurativa.<\/li>\n<li>La societ\u00e0 favorisce il continuo miglioramento della professionalit\u00e0 dei propri dipendenti, anche attraverso lo svolgimento di iniziative formative.<\/li>\n<li>La societ\u00e0 si impegna, per quanto nelle sue concrete possibilit\u00e0, a che tutti i dipendenti, dirigenti, amministratori, collaboratori osservino il costante rispetto delle leggi e dei regolamenti vigenti in tutti i paesi in cui la societ\u00e0 opera, nonch\u00e9 delle regole organizzative e procedimentali adottate, in particolare di quelle espressamente previste nel modello di organizzazione, gestione e controllo per la prevenzione della commissione di reati.<\/li>\n<li>La societ\u00e0 evita qualsiasi forma di discriminazione, sia essa riferita alla condizione fisica, alla disabilit\u00e0, alle opinioni, alla nazionalit\u00e0, alla religione, al sesso, all\u2019orientamento sessuale e all\u2019identit\u00e0 di genere, o qualsiasi altra condizione che possa dare origine a discriminazione. Al personale sono richieste informazioni esclusivamente utili all\u2019accertamento dei requisiti professionali e lavorativi, nel rispetto della sua sfera privata.<\/li>\n<li>L\u2019azienda salvaguarda altres\u00ec i dipendenti e collaboratori da molestie sessuali, atti di violenza psicologica e da ogni atteggiamento discriminatorio o lesivo della persona.<\/li>\n<li>La societ\u00e0 non impiega personale illegalmente immigrato, privo di permesso di soggiorno e non sfrutta la manodopera minorile.<\/li>\n<\/ul>\n<p><strong>C) Sicurezza e salute<\/strong><\/p>\n<ul>\n<li>La societ\u00e0 garantisce condizioni di lavoro rispettose della dignit\u00e0 individuale ed ambienti di lavoro sicuri e salubri, nel pieno rispetto della normativa vigente in materia di prevenzione degli infortuni sul lavoro e protezione dei lavoratori.<\/li>\n<li>La societ\u00e0 svolge la propria attivit\u00e0 in condizioni tecniche, organizzative ed economiche tali da assicurare una adeguata prevenzione infortunistica ed un ambiente di lavoro salubre e sicuro.<\/li>\n<li>La societ\u00e0 si impegna a diffondere e consolidare tra tutti i propri collaboratori una cultura della sicurezza, sviluppando la consapevolezza dei rischi e promuovendo comportamenti responsabili da parte di tutti i collaboratori.<\/li>\n<\/ul>\n<p><strong>D) Modalit\u00e0 di attuazione \u2013 Prevenzione<\/strong><\/p>\n<ul>\n<li>Nel rispetto della normativa vigente e nell\u2019ottica della pianificazione e gestione delle attivit\u00e0 aziendali tesa all\u2019efficienza, alla correttezza, alla trasparenza ed alla qualit\u00e0, la societ\u00e0 adotta misure organizzative e di gestione idonee a prevenire comportamenti illeciti o comunque contrari alle regole di questo Codice da parte di qualunque soggetto che agisca per conto della stessa.<\/li>\n<li>In ragione dell\u2019articolazione delle attivit\u00e0 la societ\u00e0 adotta un sistema di deleghe di poteri e funzioni, prevedendo in termini espliciti e specifici l\u2019attribuzione degli incarichi a persone dotate di idonea capacit\u00e0 e competenza.<\/li>\n<\/ul>\n<p><strong>E) Controlli<\/strong><\/p>\n<ul>\n<li>La societ\u00e0 adotta specifiche modalit\u00e0 di controllo sulla conformit\u00e0 dei comportamenti di chiunque agisce per conto della stessa alle previsioni della normativa vigente ed alle regole di comportamento di questo Codice.<\/li>\n<\/ul>\n<p><strong>F) Sanzioni<\/strong><\/p>\n<ul>\n<li>L\u2019osservanza da parte dei dipendenti della societ\u00e0 delle norme del Codice etico deve considerarsi parte essenziale delle obbligazioni contrattuali ai sensi dell\u2019art. 2104 c.c.<br \/>\nLa violazione delle norme del Codice etico da parte del personale dipendente potr\u00e0 costituire inadempimento alle obbligazioni primarie del rapporto di lavoro o illecito disciplinare, con ogni conseguenza di legge.<\/li>\n<\/ul>\n<\/div><\/div><\/div><\/div><\/div>\n","protected":false},"excerpt":{"rendered":"","protected":false},"author":1,"featured_media":0,"parent":0,"menu_order":0,"comment_status":"closed","ping_status":"closed","template":"","meta":{"footnotes":""},"class_list":["post-4437","page","type-page","status-publish","hentry"],"yoast_head":"<!-- This site is optimized with the Yoast SEO plugin v27.3 - https:\/\/yoast.com\/product\/yoast-seo-wordpress\/ -->\n<title>Codice Etico - Nuovacev handcrafted crystal<\/title>\n<meta name=\"robots\" content=\"index, follow, max-snippet:-1, max-image-preview:large, max-video-preview:-1\" \/>\n<link rel=\"canonical\" href=\"https:\/\/www.nuovacev.it\/it\/codice-etico\/\" \/>\n<meta property=\"og:locale\" content=\"it_IT\" \/>\n<meta property=\"og:type\" content=\"article\" \/>\n<meta property=\"og:title\" content=\"Codice Etico - Nuovacev handcrafted crystal\" \/>\n<meta property=\"og:url\" content=\"https:\/\/www.nuovacev.it\/it\/codice-etico\/\" \/>\n<meta property=\"og:site_name\" content=\"Nuovacev handcrafted crystal\" \/>\n<meta property=\"article:modified_time\" content=\"2023-07-10T12:01:18+00:00\" \/>\n<meta name=\"twitter:card\" content=\"summary_large_image\" \/>\n<meta name=\"twitter:label1\" content=\"Tempo di lettura stimato\" \/>\n\t<meta name=\"twitter:data1\" content=\"11 minuti\" \/>\n<script type=\"application\/ld+json\" class=\"yoast-schema-graph\">{\"@context\":\"https:\\\/\\\/schema.org\",\"@graph\":[{\"@type\":\"WebPage\",\"@id\":\"https:\\\/\\\/www.nuovacev.it\\\/it\\\/codice-etico\\\/\",\"url\":\"https:\\\/\\\/www.nuovacev.it\\\/it\\\/codice-etico\\\/\",\"name\":\"Codice Etico - Nuovacev handcrafted crystal\",\"isPartOf\":{\"@id\":\"https:\\\/\\\/www.nuovacev.it\\\/it\\\/#website\"},\"datePublished\":\"2023-06-28T09:32:24+00:00\",\"dateModified\":\"2023-07-10T12:01:18+00:00\",\"breadcrumb\":{\"@id\":\"https:\\\/\\\/www.nuovacev.it\\\/it\\\/codice-etico\\\/#breadcrumb\"},\"inLanguage\":\"it-IT\",\"potentialAction\":[{\"@type\":\"ReadAction\",\"target\":[\"https:\\\/\\\/www.nuovacev.it\\\/it\\\/codice-etico\\\/\"]}]},{\"@type\":\"BreadcrumbList\",\"@id\":\"https:\\\/\\\/www.nuovacev.it\\\/it\\\/codice-etico\\\/#breadcrumb\",\"itemListElement\":[{\"@type\":\"ListItem\",\"position\":1,\"name\":\"Home\",\"item\":\"https:\\\/\\\/www.nuovacev.it\\\/it\\\/\"},{\"@type\":\"ListItem\",\"position\":2,\"name\":\"Codice Etico\"}]},{\"@type\":\"WebSite\",\"@id\":\"https:\\\/\\\/www.nuovacev.it\\\/it\\\/#website\",\"url\":\"https:\\\/\\\/www.nuovacev.it\\\/it\\\/\",\"name\":\"Nuovacev handcrafted crystal\",\"description\":\"made in italy\",\"potentialAction\":[{\"@type\":\"SearchAction\",\"target\":{\"@type\":\"EntryPoint\",\"urlTemplate\":\"https:\\\/\\\/www.nuovacev.it\\\/it\\\/?s={search_term_string}\"},\"query-input\":{\"@type\":\"PropertyValueSpecification\",\"valueRequired\":true,\"valueName\":\"search_term_string\"}}],\"inLanguage\":\"it-IT\"}]}<\/script>\n<!-- \/ Yoast SEO plugin. -->","yoast_head_json":{"title":"Codice Etico - Nuovacev handcrafted crystal","robots":{"index":"index","follow":"follow","max-snippet":"max-snippet:-1","max-image-preview":"max-image-preview:large","max-video-preview":"max-video-preview:-1"},"canonical":"https:\/\/www.nuovacev.it\/it\/codice-etico\/","og_locale":"it_IT","og_type":"article","og_title":"Codice Etico - Nuovacev handcrafted crystal","og_url":"https:\/\/www.nuovacev.it\/it\/codice-etico\/","og_site_name":"Nuovacev handcrafted crystal","article_modified_time":"2023-07-10T12:01:18+00:00","twitter_card":"summary_large_image","twitter_misc":{"Tempo di lettura stimato":"11 minuti"},"schema":{"@context":"https:\/\/schema.org","@graph":[{"@type":"WebPage","@id":"https:\/\/www.nuovacev.it\/it\/codice-etico\/","url":"https:\/\/www.nuovacev.it\/it\/codice-etico\/","name":"Codice Etico - Nuovacev handcrafted crystal","isPartOf":{"@id":"https:\/\/www.nuovacev.it\/it\/#website"},"datePublished":"2023-06-28T09:32:24+00:00","dateModified":"2023-07-10T12:01:18+00:00","breadcrumb":{"@id":"https:\/\/www.nuovacev.it\/it\/codice-etico\/#breadcrumb"},"inLanguage":"it-IT","potentialAction":[{"@type":"ReadAction","target":["https:\/\/www.nuovacev.it\/it\/codice-etico\/"]}]},{"@type":"BreadcrumbList","@id":"https:\/\/www.nuovacev.it\/it\/codice-etico\/#breadcrumb","itemListElement":[{"@type":"ListItem","position":1,"name":"Home","item":"https:\/\/www.nuovacev.it\/it\/"},{"@type":"ListItem","position":2,"name":"Codice Etico"}]},{"@type":"WebSite","@id":"https:\/\/www.nuovacev.it\/it\/#website","url":"https:\/\/www.nuovacev.it\/it\/","name":"Nuovacev handcrafted crystal","description":"made in italy","potentialAction":[{"@type":"SearchAction","target":{"@type":"EntryPoint","urlTemplate":"https:\/\/www.nuovacev.it\/it\/?s={search_term_string}"},"query-input":{"@type":"PropertyValueSpecification","valueRequired":true,"valueName":"search_term_string"}}],"inLanguage":"it-IT"}]}},"_links":{"self":[{"href":"https:\/\/www.nuovacev.it\/it\/wp-json\/wp\/v2\/pages\/4437","targetHints":{"allow":["GET"]}}],"collection":[{"href":"https:\/\/www.nuovacev.it\/it\/wp-json\/wp\/v2\/pages"}],"about":[{"href":"https:\/\/www.nuovacev.it\/it\/wp-json\/wp\/v2\/types\/page"}],"author":[{"embeddable":true,"href":"https:\/\/www.nuovacev.it\/it\/wp-json\/wp\/v2\/users\/1"}],"replies":[{"embeddable":true,"href":"https:\/\/www.nuovacev.it\/it\/wp-json\/wp\/v2\/comments?post=4437"}],"version-history":[{"count":1,"href":"https:\/\/www.nuovacev.it\/it\/wp-json\/wp\/v2\/pages\/4437\/revisions"}],"predecessor-version":[{"id":4439,"href":"https:\/\/www.nuovacev.it\/it\/wp-json\/wp\/v2\/pages\/4437\/revisions\/4439"}],"wp:attachment":[{"href":"https:\/\/www.nuovacev.it\/it\/wp-json\/wp\/v2\/media?parent=4437"}],"curies":[{"name":"wp","href":"https:\/\/api.w.org\/{rel}","templated":true}]}}